{"id":484,"date":"2026-03-26T03:25:25","date_gmt":"2026-03-26T03:25:25","guid":{"rendered":"https:\/\/rosdel.cappidigital.com\/?page_id=484"},"modified":"2026-05-07T03:26:29","modified_gmt":"2026-05-07T03:26:29","slug":"hacemos-negocios","status":"publish","type":"page","link":"https:\/\/rosdel.cappidigital.com\/en\/hacemos-negocios\/","title":{"rendered":"Shall We Do Business?"},"content":{"rendered":"\t\t<div data-elementor-type=\"wp-page\" data-elementor-id=\"484\" class=\"elementor elementor-484\">\n\t\t\t\t<div class=\"elementor-element elementor-element-7aeca833 e-flex e-con-boxed e-con e-parent\" data-id=\"7aeca833\" data-element_type=\"container\" data-e-type=\"container\">\n\t\t\t\t\t<div class=\"e-con-inner\">\n\t\t<div class=\"elementor-element elementor-element-29b68088 e-flex e-con-boxed e-con e-child\" data-id=\"29b68088\" data-element_type=\"container\" data-e-type=\"container\">\n\t\t\t\t\t<div class=\"e-con-inner\">\n\t\t<div class=\"elementor-element elementor-element-3072f798 e-con-full e-flex e-con e-child\" data-id=\"3072f798\" data-element_type=\"container\" data-e-type=\"container\" data-settings=\"{&quot;background_background&quot;:&quot;classic&quot;}\">\n\t\t\t\t<\/div>\n\t\t<div class=\"elementor-element elementor-element-ec4e1e9 e-con-full e-flex e-con e-child\" data-id=\"ec4e1e9\" data-element_type=\"container\" data-e-type=\"container\">\n\t\t<div class=\"elementor-element elementor-element-33f59968 e-flex e-con-boxed e-con e-child\" data-id=\"33f59968\" data-element_type=\"container\" data-e-type=\"container\">\n\t\t\t\t\t<div class=\"e-con-inner\">\n\t\t<div class=\"elementor-element elementor-element-85dab72 e-con-full e-flex e-con e-child\" data-id=\"85dab72\" data-element_type=\"container\" data-e-type=\"container\">\n\t\t\t\t<div class=\"elementor-element elementor-element-e9a9a2c elementor-widget__width-auto elementor-widget elementor-widget-heading\" data-id=\"e9a9a2c\" data-element_type=\"widget\" data-e-type=\"widget\" data-widget_type=\"heading.default\">\n\t\t\t\t\t<h2 class=\"elementor-heading-title elementor-size-default\">\u00bfEst\u00e1s interesado en <span style=\"color:#9cd13f\">hacer negocios<\/span> con nosotros? <\/h2>\t\t\t\t<\/div>\n\t\t\t\t<div class=\"elementor-element elementor-element-f6b51d9 raven-form-button-align-spaced elementor-widget elementor-widget-raven-form\" data-id=\"f6b51d9\" data-element_type=\"widget\" data-e-type=\"widget\" data-settings=\"{&quot;fields&quot;:[{&quot;field_custom_id&quot;:&quot;name&quot;,&quot;placeholder&quot;:&quot;Nombre competo&quot;,&quot;_id&quot;:&quot;f9dfac0&quot;,&quot;acceptance_text&quot;:null,&quot;step_previous_button&quot;:null,&quot;step_next_button&quot;:null,&quot;label&quot;:&quot;nombre&quot;,&quot;width&quot;:&quot;50&quot;,&quot;type&quot;:&quot;text&quot;,&quot;recaptcha_badge&quot;:null,&quot;recaptcha_theme&quot;:null,&quot;recaptcha_size&quot;:null,&quot;checked_by_default&quot;:null,&quot;min_time&quot;:null,&quot;max_time&quot;:null,&quot;min_date&quot;:null,&quot;max_date&quot;:null,&quot;localization&quot;:null,&quot;min&quot;:null,&quot;max&quot;:null,&quot;field_options&quot;:null,&quot;inline_list&quot;:null,&quot;field_html&quot;:null,&quot;native_html5&quot;:null,&quot;multiple_selection&quot;:null,&quot;rows&quot;:null,&quot;required&quot;:&quot;&quot;,&quot;iti_tel&quot;:null,&quot;iti_tel_tel_type&quot;:null,&quot;iti_tel_require_area&quot;:null,&quot;iti_tel_allow_dropdown&quot;:null,&quot;iti_tel_country_include&quot;:null,&quot;iti_tel_ip_detect&quot;:null,&quot;iti_tel_internationalize&quot;:null,&quot;file_sizes&quot;:null,&quot;file_types&quot;:null,&quot;allow_multiple_upload&quot;:null,&quot;max_files&quot;:null,&quot;step_icon&quot;:null,&quot;field_value&quot;:&quot;&quot;},{&quot;field_custom_id&quot;:&quot;email&quot;,&quot;type&quot;:&quot;email&quot;,&quot;placeholder&quot;:&quot;Correo electr\\u00f3nico&quot;,&quot;required&quot;:&quot;true&quot;,&quot;_id&quot;:&quot;d4b31e2&quot;,&quot;acceptance_text&quot;:null,&quot;step_previous_button&quot;:null,&quot;step_next_button&quot;:null,&quot;label&quot;:&quot;correo&quot;,&quot;width&quot;:&quot;50&quot;,&quot;recaptcha_badge&quot;:null,&quot;recaptcha_theme&quot;:null,&quot;recaptcha_size&quot;:null,&quot;checked_by_default&quot;:null,&quot;min_time&quot;:null,&quot;max_time&quot;:null,&quot;min_date&quot;:null,&quot;max_date&quot;:null,&quot;localization&quot;:null,&quot;min&quot;:null,&quot;max&quot;:null,&quot;field_options&quot;:null,&quot;inline_list&quot;:null,&quot;field_html&quot;:null,&quot;native_html5&quot;:null,&quot;multiple_selection&quot;:null,&quot;rows&quot;:null,&quot;iti_tel&quot;:null,&quot;iti_tel_tel_type&quot;:null,&quot;iti_tel_require_area&quot;:null,&quot;iti_tel_allow_dropdown&quot;:null,&quot;iti_tel_country_include&quot;:null,&quot;iti_tel_ip_detect&quot;:null,&quot;iti_tel_internationalize&quot;:null,&quot;file_sizes&quot;:null,&quot;file_types&quot;:null,&quot;allow_multiple_upload&quot;:null,&quot;max_files&quot;:null,&quot;step_icon&quot;:null,&quot;field_value&quot;:&quot;&quot;},{&quot;_id&quot;:&quot;78a6086&quot;,&quot;type&quot;:&quot;checkbox&quot;,&quot;label&quot;:&quot;Producto de interes&quot;,&quot;acceptance_text&quot;:null,&quot;field_options&quot;:&quot;Lim\\u00f3n Tahit\\u00ed\\nPl\\u00e1tano Hart\\u00f3n\\n\\u00d1ame Habanero &amp; Diamante&quot;,&quot;inline_list&quot;:&quot;raven-subgroup-inline&quot;,&quot;step_previous_button&quot;:null,&quot;step_next_button&quot;:null,&quot;field_custom_id&quot;:&quot;field_78a6086&quot;,&quot;placeholder&quot;:null,&quot;recaptcha_badge&quot;:null,&quot;recaptcha_theme&quot;:null,&quot;recaptcha_size&quot;:null,&quot;checked_by_default&quot;:null,&quot;min_time&quot;:null,&quot;max_time&quot;:null,&quot;min_date&quot;:null,&quot;max_date&quot;:null,&quot;localization&quot;:null,&quot;min&quot;:null,&quot;max&quot;:null,&quot;field_html&quot;:null,&quot;native_html5&quot;:null,&quot;multiple_selection&quot;:null,&quot;rows&quot;:null,&quot;required&quot;:&quot;&quot;,&quot;iti_tel&quot;:null,&quot;iti_tel_tel_type&quot;:null,&quot;iti_tel_require_area&quot;:null,&quot;iti_tel_allow_dropdown&quot;:null,&quot;iti_tel_country_include&quot;:null,&quot;iti_tel_ip_detect&quot;:null,&quot;iti_tel_internationalize&quot;:null,&quot;file_sizes&quot;:null,&quot;file_types&quot;:null,&quot;allow_multiple_upload&quot;:null,&quot;max_files&quot;:null,&quot;step_icon&quot;:null,&quot;width&quot;:&quot;100&quot;,&quot;field_value&quot;:null},{&quot;_id&quot;:&quot;a019ab0&quot;,&quot;label&quot;:&quot;ciudad&quot;,&quot;placeholder&quot;:&quot;Ciudad de contacto&quot;,&quot;acceptance_text&quot;:null,&quot;step_previous_button&quot;:null,&quot;step_next_button&quot;:null,&quot;width&quot;:&quot;50&quot;,&quot;field_custom_id&quot;:&quot;field_a019ab0&quot;,&quot;type&quot;:&quot;text&quot;,&quot;recaptcha_badge&quot;:null,&quot;recaptcha_theme&quot;:null,&quot;recaptcha_size&quot;:null,&quot;checked_by_default&quot;:null,&quot;min_time&quot;:null,&quot;max_time&quot;:null,&quot;min_date&quot;:null,&quot;max_date&quot;:null,&quot;localization&quot;:null,&quot;min&quot;:null,&quot;max&quot;:null,&quot;field_options&quot;:null,&quot;inline_list&quot;:null,&quot;field_html&quot;:null,&quot;native_html5&quot;:null,&quot;multiple_selection&quot;:null,&quot;rows&quot;:null,&quot;required&quot;:&quot;&quot;,&quot;iti_tel&quot;:null,&quot;iti_tel_tel_type&quot;:null,&quot;iti_tel_require_area&quot;:null,&quot;iti_tel_allow_dropdown&quot;:null,&quot;iti_tel_country_include&quot;:null,&quot;iti_tel_ip_detect&quot;:null,&quot;iti_tel_internationalize&quot;:null,&quot;file_sizes&quot;:null,&quot;file_types&quot;:null,&quot;allow_multiple_upload&quot;:null,&quot;max_files&quot;:null,&quot;step_icon&quot;:null,&quot;field_value&quot;:&quot;&quot;},{&quot;label&quot;:&quot;pais&quot;,&quot;placeholder&quot;:&quot;Pa\\u00eds de contacto&quot;,&quot;acceptance_text&quot;:null,&quot;step_previous_button&quot;:null,&quot;step_next_button&quot;:null,&quot;width&quot;:&quot;50&quot;,&quot;field_custom_id&quot;:&quot;field_6a6f104&quot;,&quot;_id&quot;:&quot;6a6f104&quot;,&quot;type&quot;:&quot;text&quot;,&quot;recaptcha_badge&quot;:null,&quot;recaptcha_theme&quot;:null,&quot;recaptcha_size&quot;:null,&quot;checked_by_default&quot;:null,&quot;min_time&quot;:null,&quot;max_time&quot;:null,&quot;min_date&quot;:null,&quot;max_date&quot;:null,&quot;localization&quot;:null,&quot;min&quot;:null,&quot;max&quot;:null,&quot;field_options&quot;:null,&quot;inline_list&quot;:null,&quot;field_html&quot;:null,&quot;native_html5&quot;:null,&quot;multiple_selection&quot;:null,&quot;rows&quot;:null,&quot;required&quot;:&quot;&quot;,&quot;iti_tel&quot;:null,&quot;iti_tel_tel_type&quot;:null,&quot;iti_tel_require_area&quot;:null,&quot;iti_tel_allow_dropdown&quot;:null,&quot;iti_tel_country_include&quot;:null,&quot;iti_tel_ip_detect&quot;:null,&quot;iti_tel_internationalize&quot;:null,&quot;file_sizes&quot;:null,&quot;file_types&quot;:null,&quot;allow_multiple_upload&quot;:null,&quot;max_files&quot;:null,&quot;step_icon&quot;:null,&quot;field_value&quot;:&quot;&quot;},{&quot;field_custom_id&quot;:&quot;message&quot;,&quot;type&quot;:&quot;textarea&quot;,&quot;placeholder&quot;:&quot;Mensaje&quot;,&quot;_id&quot;:&quot;7582b51&quot;,&quot;acceptance_text&quot;:null,&quot;step_previous_button&quot;:null,&quot;step_next_button&quot;:null,&quot;label&quot;:&quot;&quot;,&quot;recaptcha_badge&quot;:null,&quot;recaptcha_theme&quot;:null,&quot;recaptcha_size&quot;:null,&quot;checked_by_default&quot;:null,&quot;min_time&quot;:null,&quot;max_time&quot;:null,&quot;min_date&quot;:null,&quot;max_date&quot;:null,&quot;localization&quot;:null,&quot;min&quot;:null,&quot;max&quot;:null,&quot;field_options&quot;:null,&quot;inline_list&quot;:null,&quot;field_html&quot;:null,&quot;native_html5&quot;:null,&quot;multiple_selection&quot;:null,&quot;rows&quot;:5,&quot;required&quot;:&quot;&quot;,&quot;iti_tel&quot;:null,&quot;iti_tel_tel_type&quot;:null,&quot;iti_tel_require_area&quot;:null,&quot;iti_tel_allow_dropdown&quot;:null,&quot;iti_tel_country_include&quot;:null,&quot;iti_tel_ip_detect&quot;:null,&quot;iti_tel_internationalize&quot;:null,&quot;file_sizes&quot;:null,&quot;file_types&quot;:null,&quot;allow_multiple_upload&quot;:null,&quot;max_files&quot;:null,&quot;step_icon&quot;:null,&quot;width&quot;:&quot;100&quot;,&quot;field_value&quot;:&quot;&quot;}],&quot;steps_type&quot;:&quot;number&quot;,&quot;steps_icon_shape&quot;:&quot;circle&quot;}\" data-widget_type=\"raven-form.default\">\n\t\t\t\t<div class=\"elementor-widget-container\">\n\t\t\t\t\t\t\t<form class=\"raven-form raven-flex raven-flex-wrap raven-flex-bottom raven-hide-required-mark\" method=\"post\" name=\"New form\">\n\t\t\t<input type=\"hidden\" name=\"post_id\" value=\"484\" \/>\n\t\t\t<input type=\"hidden\" name=\"form_id\" value=\"f6b51d9\" \/>\n\t\t\t\t\t<div id=\"raven-field-group-f9dfac0\" class=\"raven-flex-wrap raven-field-type-text raven-field-group elementor-column elementor-col-50\">\n\t\t\t\t\t<input\n\t\t\toninput=\"onInvalidRavenFormField(event)\"\n\t\t\toninvalid=\"onInvalidRavenFormField(event)\"\n\t\t\ttype=\"text\" name=\"fields[f9dfac0]\" id=\"form-field-f9dfac0\" class=\"raven-field\" placeholder=\"Nombre competo\" data-type=\"text\">\n\t\t\t\t<\/div>\n\t\t\t\t<div id=\"raven-field-group-d4b31e2\" class=\"raven-flex-wrap raven-field-type-email raven-field-group elementor-column elementor-col-50 raven-field-required\">\n\t\t\t\t\t<input\n\t\t\toninput=\"onInvalidRavenFormField(event)\"\n\t\t\toninvalid=\"onInvalidRavenFormField(event)\"\n\t\t\ttype=\"email\" name=\"fields[d4b31e2]\" id=\"form-field-d4b31e2\" class=\"raven-field\" placeholder=\"Correo electr\u00f3nico\" data-type=\"email\" required=\"required\">\n\t\t\t\t<\/div>\n\t\t\t\t<div id=\"raven-field-group-78a6086\" class=\"raven-flex-wrap raven-field-type-checkbox raven-field-group elementor-column elementor-col-100\">\n\t\t\t<div class=\"raven-field-subgroup raven-subgroup-inline\"><span class=\"raven-field-option raven-field-option-checkbox\"><input type=\"checkbox\" value=\"Lim\u00f3n Tahit\u00ed\" id=\"form-field-78a6086-0-qiy7\" name=\"fields[78a6086][]\"  class=\"raven-field\"> <label for=\"form-field-78a6086-0-qiy7\" class=\"raven-field-label\">Lim\u00f3n Tahit\u00ed<\/label><\/span><span class=\"raven-field-option raven-field-option-checkbox\"><input type=\"checkbox\" value=\"Pl\u00e1tano Hart\u00f3n\" id=\"form-field-78a6086-1-qiy7\" name=\"fields[78a6086][]\"  class=\"raven-field\"> <label for=\"form-field-78a6086-1-qiy7\" class=\"raven-field-label\">Pl\u00e1tano Hart\u00f3n<\/label><\/span><span class=\"raven-field-option raven-field-option-checkbox\"><input type=\"checkbox\" value=\"\u00d1ame Habanero &amp; Diamante\" id=\"form-field-78a6086-2-qiy7\" name=\"fields[78a6086][]\"  class=\"raven-field\"> <label for=\"form-field-78a6086-2-qiy7\" class=\"raven-field-label\">\u00d1ame Habanero &amp; Diamante<\/label><\/span><\/div>\t\t<\/div>\n\t\t\t\t<div id=\"raven-field-group-a019ab0\" class=\"raven-flex-wrap raven-field-type-text raven-field-group elementor-column elementor-col-50\">\n\t\t\t\t\t<input\n\t\t\toninput=\"onInvalidRavenFormField(event)\"\n\t\t\toninvalid=\"onInvalidRavenFormField(event)\"\n\t\t\ttype=\"text\" name=\"fields[a019ab0]\" id=\"form-field-a019ab0\" class=\"raven-field\" placeholder=\"Ciudad de contacto\" data-type=\"text\">\n\t\t\t\t<\/div>\n\t\t\t\t<div id=\"raven-field-group-6a6f104\" class=\"raven-flex-wrap raven-field-type-text raven-field-group elementor-column elementor-col-50\">\n\t\t\t\t\t<input\n\t\t\toninput=\"onInvalidRavenFormField(event)\"\n\t\t\toninvalid=\"onInvalidRavenFormField(event)\"\n\t\t\ttype=\"text\" name=\"fields[6a6f104]\" id=\"form-field-6a6f104\" class=\"raven-field\" placeholder=\"Pa\u00eds de contacto\" data-type=\"text\">\n\t\t\t\t<\/div>\n\t\t\t\t<div id=\"raven-field-group-7582b51\" class=\"raven-flex-wrap raven-field-type-textarea raven-field-group elementor-column elementor-col-100\">\n\t\t\t\t\t<textarea\n\t\t\toninput=\"onInvalidRavenFormField(event)\"\n\t\t\toninvalid=\"onInvalidRavenFormField(event)\"\n\t\t\ttype=\"textarea\" name=\"fields[7582b51]\" id=\"form-field-7582b51\" class=\"raven-field\" placeholder=\"Mensaje\" data-type=\"textarea\"\t\t\trows=\"5\"><\/textarea>\n\t\t\t\t<\/div>\n\t\t\t\t\t\t\t<div class=\"raven-field-group raven-field-type-submit-button elementor-column elementor-col-100\">\n\t\t\t\t\t\t\t\t\t<button class=\"raven-submit-button\" type=\"submit\">\n\t\t\t\t\t\t<span>Enviar Mensaje<\/span>\n\t\t<\/button>\n\t\t\t\t\t\t\t<\/div>\n\t\t\t\t<\/form>\n\n\t\t\t\t\t\t\t\t<\/div>\n\t\t\t\t<\/div>\n\t\t\t\t<\/div>\n\t\t\t\t\t<\/div>\n\t\t\t\t<\/div>\n\t\t\t\t<\/div>\n\t\t\t\t\t<\/div>\n\t\t\t\t<\/div>\n\t\t\t\t\t<\/div>\n\t\t\t\t<\/div>\n\t\t\t\t<\/div>\n\t\t","protected":false},"excerpt":{"rendered":"<p>\u00bfEst\u00e1s interesado en hacer negocios con nosotros? Lim\u00f3n Tahit\u00ed Pl\u00e1tano Hart\u00f3n \u00d1ame Habanero &amp; Diamante Enviar Mensaje<\/p>","protected":false},"author":1,"featured_media":0,"parent":0,"menu_order":0,"comment_status":"closed","ping_status":"closed","template":"elementor_header_footer","meta":{"_acf_changed":false,"footnotes":""},"class_list":["post-484","page","type-page","status-publish","hentry"],"acf":[],"_links":{"self":[{"href":"https:\/\/rosdel.cappidigital.com\/en\/wp-json\/wp\/v2\/pages\/484","targetHints":{"allow":["GET"]}}],"collection":[{"href":"https:\/\/rosdel.cappidigital.com\/en\/wp-json\/wp\/v2\/pages"}],"about":[{"href":"https:\/\/rosdel.cappidigital.com\/en\/wp-json\/wp\/v2\/types\/page"}],"author":[{"embeddable":true,"href":"https:\/\/rosdel.cappidigital.com\/en\/wp-json\/wp\/v2\/users\/1"}],"replies":[{"embeddable":true,"href":"https:\/\/rosdel.cappidigital.com\/en\/wp-json\/wp\/v2\/comments?post=484"}],"version-history":[{"count":22,"href":"https:\/\/rosdel.cappidigital.com\/en\/wp-json\/wp\/v2\/pages\/484\/revisions"}],"predecessor-version":[{"id":557,"href":"https:\/\/rosdel.cappidigital.com\/en\/wp-json\/wp\/v2\/pages\/484\/revisions\/557"}],"wp:attachment":[{"href":"https:\/\/rosdel.cappidigital.com\/en\/wp-json\/wp\/v2\/media?parent=484"}],"curies":[{"name":"wp","href":"https:\/\/api.w.org\/{rel}","templated":true}]}}